{"id":16,"date":"2024-03-06T01:21:52","date_gmt":"2024-03-06T01:21:52","guid":{"rendered":"https:\/\/kistura.com\/bc\/?page_id=16"},"modified":"2024-05-07T12:48:34","modified_gmt":"2024-05-07T12:48:34","slug":"contact-v1","status":"publish","type":"page","link":"https:\/\/businessclub-ks.com\/sq\/contact-v1\/","title":{"rendered":"Contact"},"content":{"rendered":"<div data-elementor-type=\"wp-page\" data-elementor-id=\"16\" class=\"elementor elementor-16\" data-elementor-post-type=\"page\">\n\t\t\t\t<div class=\"elementor-element elementor-element-90f3cbd pos-rel e-flex e-con-boxed e-con e-parent\" data-id=\"90f3cbd\" data-element_type=\"container\" data-e-type=\"container\">\n\t\t\t\t\t<div class=\"e-con-inner\">\n\t\t<div class=\"elementor-element elementor-element-c017c07 e-con-full e-flex e-con e-child\" data-id=\"c017c07\" data-element_type=\"container\" data-e-type=\"container\">\n\t\t\t\t<div class=\"elementor-element elementor-element-176a1a8 elementor-widget elementor-widget-heading\" data-id=\"176a1a8\" data-element_type=\"widget\" data-e-type=\"widget\" data-widget_type=\"heading.default\">\n\t\t\t\t<div class=\"elementor-widget-container\">\n\t\t\t\t\t<h1 class=\"elementor-heading-title elementor-size-default\">LE T\u00cb FLASIM<\/h1>\t\t\t\t<\/div>\n\t\t\t\t<\/div>\n\t\t\t\t<div class=\"elementor-element elementor-element-71bc6d4 elementor-widget elementor-widget-heading\" data-id=\"71bc6d4\" data-element_type=\"widget\" data-e-type=\"widget\" data-widget_type=\"heading.default\">\n\t\t\t\t<div class=\"elementor-widget-container\">\n\t\t\t\t\t<h3 class=\"elementor-heading-title elementor-size-default\">Kontakt Forma<\/h3>\t\t\t\t<\/div>\n\t\t\t\t<\/div>\n\t\t\t\t<div class=\"elementor-element elementor-element-6bd0acf elementor-widget elementor-widget-text-editor\" data-id=\"6bd0acf\" data-element_type=\"widget\" data-e-type=\"widget\" data-widget_type=\"text-editor.default\">\n\t\t\t\t<div class=\"elementor-widget-container\">\n\t\t\t\t\t\t\t\t\t<p>Email: <br \/><a href=\"mailto:info@businessclub-ks.com\">info@businessclub-ks.com<\/a><\/p><p>Telefoni: <br \/><a href=\"tel:+38345848053\">+383 (45) 848 053<\/a> <br \/><a href=\"tel:+38349434555\">+383 (49) 434 555<\/a><\/p><p>Adresa: <br \/><a href=\"https:\/\/www.google.com\/maps\/place\/Ndue+P%C3%ABrlleshi,+Prishtina\/@42.6531924,21.1790214,17z\/data=!3m1!4b1!4m6!3m5!1s0x13549ed1c36089a5:0x40c954d86fc72a76!8m2!3d42.6531885!4d21.1815963!16s%2Fg%2F1vf_2wm1?entry=ttu\">Ndue P\u00ebrlleshi, L-1.2.3.4-1 Prishtina 10000<\/a><\/p>\t\t\t\t\t\t\t\t<\/div>\n\t\t\t\t<\/div>\n\t\t\t\t<\/div>\n\t\t<div class=\"elementor-element elementor-element-e16fc10 e-con-full e-flex e-con e-child\" data-id=\"e16fc10\" data-element_type=\"container\" data-e-type=\"container\">\n\t\t\t\t<\/div>\n\t\t\t\t\t<\/div>\n\t\t\t\t<\/div>\n\t\t<div class=\"elementor-element elementor-element-f0c4fe9 pos-rel e-flex e-con-boxed e-con e-parent\" data-id=\"f0c4fe9\" data-element_type=\"container\" data-e-type=\"container\">\n\t\t\t\t\t<div class=\"e-con-inner\">\n\t\t<div class=\"elementor-element elementor-element-1bc9c43 e-con-full e-flex e-con e-child\" data-id=\"1bc9c43\" data-element_type=\"container\" data-e-type=\"container\">\n\t\t\t\t<div class=\"elementor-element elementor-element-a4c5cec contact-form elementor-widget elementor-widget-shortcode\" data-id=\"a4c5cec\" data-element_type=\"widget\" data-e-type=\"widget\" data-widget_type=\"shortcode.default\">\n\t\t\t\t<div class=\"elementor-widget-container\">\n\t\t\t\t\t\t\t<div class=\"elementor-shortcode\">\n<div class=\"wpcf7 no-js\" id=\"wpcf7-f262-o1\" lang=\"en-US\" dir=\"ltr\" data-wpcf7-id=\"262\">\n<div class=\"screen-reader-response\"><p role=\"status\" aria-live=\"polite\" aria-atomic=\"true\"><\/p> <ul><\/ul><\/div>\n<form action=\"\/sq\/wp-json\/wp\/v2\/pages\/16#wpcf7-f262-o1\" method=\"post\" class=\"wpcf7-form init\" aria-label=\"Contact form\" novalidate=\"novalidate\" data-status=\"init\" data-trp-original-action=\"\/sq\/wp-json\/wp\/v2\/pages\/16#wpcf7-f262-o1\">\n<fieldset class=\"hidden-fields-container\"><input type=\"hidden\" name=\"_wpcf7\" value=\"262\" \/><input type=\"hidden\" name=\"_wpcf7_version\" value=\"6.1.5\" \/><input type=\"hidden\" name=\"_wpcf7_locale\" value=\"en_US\" \/><input type=\"hidden\" name=\"_wpcf7_unit_tag\" value=\"wpcf7-f262-o1\" \/><input type=\"hidden\" name=\"_wpcf7_container_post\" value=\"0\" \/><input type=\"hidden\" name=\"_wpcf7_posted_data_hash\" value=\"\" \/>\n<\/fieldset>\n<div class=\"row d-flex\">\n\t<p><label> Emri \/ Mbiemri<br \/>\n<span class=\"wpcf7-form-control-wrap\" data-name=\"your-name\"><input size=\"40\" maxlength=\"400\" class=\"wpcf7-form-control wpcf7-text wpcf7-validates-as-required\" autocomplete=\"name\" aria-required=\"true\" aria-invalid=\"false\" placeholder=\"Emri i plot\u00eb\" value=\"\" type=\"text\" name=\"your-name\" \/><\/span> <\/label>\n\t<\/p>\n\t<p><label> E-mail<br \/>\n<span class=\"wpcf7-form-control-wrap\" data-name=\"your-email\"><input size=\"40\" maxlength=\"400\" class=\"wpcf7-form-control wpcf7-email wpcf7-validates-as-required wpcf7-text wpcf7-validates-as-email\" autocomplete=\"email\" aria-required=\"true\" aria-invalid=\"false\" placeholder=\"emailijuaj@email.com\" value=\"\" type=\"email\" name=\"your-email\" \/><\/span> <\/label>\n\t<\/p>\n<\/div>\n<div class=\"row d-flex\">\n\t<p><label> Numri i telefonit<br \/>\n<span class=\"wpcf7-form-control-wrap\" data-name=\"phone-number\"><input size=\"40\" maxlength=\"400\" class=\"wpcf7-form-control wpcf7-text wpcf7-validates-as-required\" autocomplete=\"phone\" aria-required=\"true\" aria-invalid=\"false\" placeholder=\"+383 42 123 123\" value=\"\" type=\"text\" name=\"phone-number\" \/><\/span> <\/label>\n\t<\/p>\n\t<p><label> Kompania<br \/>\n<span class=\"wpcf7-form-control-wrap\" data-name=\"company-name\"><input size=\"40\" maxlength=\"400\" class=\"wpcf7-form-control wpcf7-text wpcf7-validates-as-required\" autocomplete=\"company\" aria-required=\"true\" aria-invalid=\"false\" placeholder=\"Kompania juaj\" value=\"\" type=\"text\" name=\"company-name\" \/><\/span> <\/label>\n\t<\/p>\n<\/div>\n<p><label> Mesazh (opsionale)<br \/>\n<span class=\"wpcf7-form-control-wrap\" data-name=\"message\"><textarea cols=\"40\" rows=\"10\" maxlength=\"2000\" class=\"wpcf7-form-control wpcf7-textarea\" aria-invalid=\"false\" placeholder=\"Lini nj\u00eb mesazh\" name=\"message\"><\/textarea><\/span> <\/label>\n<\/p>\n<p><input class=\"wpcf7-form-control wpcf7-submit has-spinner\" type=\"submit\" value=\"D\u00ebrgo\" \/>\n<\/p><div class=\"wpcf7-response-output\" aria-hidden=\"true\"><\/div>\n<input type=\"hidden\" name=\"trp-form-language\" value=\"sq\"\/><\/form>\n<\/div>\n<\/div>\n\t\t\t\t\t\t<\/div>\n\t\t\t\t<\/div>\n\t\t\t\t<\/div>\n\t\t<div class=\"elementor-element elementor-element-8a057cf e-con-full e-flex e-con e-child\" data-id=\"8a057cf\" data-element_type=\"container\" data-e-type=\"container\">\n\t\t\t\t<div class=\"elementor-element elementor-element-347563b elementor-widget elementor-widget-google_maps\" data-id=\"347563b\" data-element_type=\"widget\" data-e-type=\"widget\" data-widget_type=\"google_maps.default\">\n\t\t\t\t<div class=\"elementor-widget-container\">\n\t\t\t\t\t\t\t<div class=\"elementor-custom-embed\">\n\t\t\t<iframe loading=\"lazy\"\n\t\t\t\t\tsrc=\"https:\/\/maps.google.com\/maps?q=Ndue%20P%C3%ABrlleshi%2C%20L-1.2.3.4-1%20Prishtina%2010000&#038;t=m&#038;z=10&#038;output=embed&#038;iwloc=near\"\n\t\t\t\t\ttitle=\"Ndue P\u00ebrlleshi, L-1.2.3.4-1 Prishtina 10000\"\n\t\t\t\t\taria-label=\"Ndue P\u00ebrlleshi, L-1.2.3.4-1 Prishtina 10000\"\n\t\t\t><\/iframe>\n\t\t<\/div>\n\t\t\t\t\t\t<\/div>\n\t\t\t\t<\/div>\n\t\t\t\t<\/div>\n\t\t\t\t\t<\/div>\n\t\t\t\t<\/div>\n\t\t<div class=\"elementor-element elementor-element-a80213f e-flex e-con-boxed e-con e-parent\" data-id=\"a80213f\" data-element_type=\"container\" data-e-type=\"container\">\n\t\t\t\t\t<div class=\"e-con-inner\">\n\t\t<div class=\"elementor-element elementor-element-ac13903 e-con-full e-flex e-con e-child\" data-id=\"ac13903\" data-element_type=\"container\" data-e-type=\"container\">\n\t\t\t\t<div class=\"elementor-element elementor-element-1b1ea03 elementor-widget elementor-widget-heading\" data-id=\"1b1ea03\" data-element_type=\"widget\" data-e-type=\"widget\" data-widget_type=\"heading.default\">\n\t\t\t\t<div class=\"elementor-widget-container\">\n\t\t\t\t\t<h2 class=\"elementor-heading-title elementor-size-default\">Rreth Nesh<\/h2>\t\t\t\t<\/div>\n\t\t\t\t<\/div>\n\t\t\t\t<div class=\"elementor-element elementor-element-483677f elementor-widget elementor-widget-text-editor\" data-id=\"483677f\" data-element_type=\"widget\" data-e-type=\"widget\" data-widget_type=\"text-editor.default\">\n\t\t\t\t<div class=\"elementor-widget-container\">\n\t\t\t\t\t\t\t\t\t<p>Klubi i Biznesit synon t\u00eb siguroj\u00eb dhe rris\u00eb bashk\u00ebpunimin e bizneseve private me q\u00ebllim rritjen e aktivitetit ekonomik, bashk\u00ebpunimin nd\u00ebrkomb\u00ebtar, kontributin dhe avokimin e nj\u00eb ekonomie t\u00eb mir\u00eb tregu.<\/p>\t\t\t\t\t\t\t\t<\/div>\n\t\t\t\t<\/div>\n\t\t\t\t<div class=\"elementor-element elementor-element-1ed61c9 elementor-align-right elementor-mobile-align-center elementor-widget-mobile__width-inherit elementor-widget elementor-widget-button\" data-id=\"1ed61c9\" data-element_type=\"widget\" data-e-type=\"widget\" data-widget_type=\"button.default\">\n\t\t\t\t<div class=\"elementor-widget-container\">\n\t\t\t\t\t\t\t\t\t<div class=\"elementor-button-wrapper\">\n\t\t\t\t\t<a class=\"elementor-button elementor-button-link elementor-size-sm\" href=\"\/bc\/index.php\/about-us-v1\/\">\n\t\t\t\t\t\t<span class=\"elementor-button-content-wrapper\">\n\t\t\t\t\t\t\t\t\t<span class=\"elementor-button-text\">Lexo m\u00eb shum\u00eb<\/span>\n\t\t\t\t\t<\/span>\n\t\t\t\t\t<\/a>\n\t\t\t\t<\/div>\n\t\t\t\t\t\t\t\t<\/div>\n\t\t\t\t<\/div>\n\t\t\t\t<\/div>\n\t\t<div class=\"elementor-element elementor-element-83a779a e-con-full e-flex e-con e-child\" data-id=\"83a779a\" data-element_type=\"container\" data-e-type=\"container\">\n\t\t\t\t<div class=\"elementor-element elementor-element-401235b elementor-widget elementor-widget-image\" data-id=\"401235b\" data-element_type=\"widget\" data-e-type=\"widget\" data-widget_type=\"image.default\">\n\t\t\t\t<div class=\"elementor-widget-container\">\n\t\t\t\t\t\t\t\t\t\t\t\t\t\t\t<img fetchpriority=\"high\" decoding=\"async\" width=\"564\" height=\"417\" src=\"https:\/\/businessclub-ks.com\/wp-content\/uploads\/2024\/03\/about.png\" class=\"attachment-large size-large wp-image-130\" alt=\"\" srcset=\"https:\/\/businessclub-ks.com\/wp-content\/uploads\/2024\/03\/about.png 564w, https:\/\/businessclub-ks.com\/wp-content\/uploads\/2024\/03\/about-300x222.png 300w\" sizes=\"(max-width: 564px) 100vw, 564px\" \/>\t\t\t\t\t\t\t\t\t\t\t\t\t\t\t<\/div>\n\t\t\t\t<\/div>\n\t\t\t\t<\/div>\n\t\t\t\t\t<\/div>\n\t\t\t\t<\/div>\n\t\t\t\t<\/div>","protected":false},"excerpt":{"rendered":"<p>LET&#8217;S TALK Contact Form Email: info@businessclub-ks.com Phone: +383 (45) 848 053 +383 (49) 434 555 Address: Ndue P\u00ebrlleshi, L-1.2.3.4-1 Prishtina 10000 About Us The Business Club aims to ensure and increase the cooperation of private businesses in order to increase economic activity, international cooperation, the contribution and advocacy of a good market economy. Read More<\/p>","protected":false},"author":1,"featured_media":0,"parent":0,"menu_order":0,"comment_status":"closed","ping_status":"closed","template":"","meta":{"footnotes":""},"class_list":["post-16","page","type-page","status-publish","hentry"],"_links":{"self":[{"href":"https:\/\/businessclub-ks.com\/sq\/wp-json\/wp\/v2\/pages\/16","targetHints":{"allow":["GET"]}}],"collection":[{"href":"https:\/\/businessclub-ks.com\/sq\/wp-json\/wp\/v2\/pages"}],"about":[{"href":"https:\/\/businessclub-ks.com\/sq\/wp-json\/wp\/v2\/types\/page"}],"author":[{"embeddable":true,"href":"https:\/\/businessclub-ks.com\/sq\/wp-json\/wp\/v2\/users\/1"}],"replies":[{"embeddable":true,"href":"https:\/\/businessclub-ks.com\/sq\/wp-json\/wp\/v2\/comments?post=16"}],"version-history":[{"count":5,"href":"https:\/\/businessclub-ks.com\/sq\/wp-json\/wp\/v2\/pages\/16\/revisions"}],"predecessor-version":[{"id":842,"href":"https:\/\/businessclub-ks.com\/sq\/wp-json\/wp\/v2\/pages\/16\/revisions\/842"}],"wp:attachment":[{"href":"https:\/\/businessclub-ks.com\/sq\/wp-json\/wp\/v2\/media?parent=16"}],"curies":[{"name":"wp","href":"https:\/\/api.w.org\/{rel}","templated":true}]}}