{"id":12,"date":"2024-03-06T02:18:00","date_gmt":"2024-03-06T02:18:00","guid":{"rendered":"https:\/\/kistura.com\/bc\/?page_id=12"},"modified":"2024-07-12T12:38:34","modified_gmt":"2024-07-12T12:38:34","slug":"news-v1","status":"publish","type":"page","link":"https:\/\/businessclub-ks.com\/sq\/news-v1\/","title":{"rendered":"News"},"content":{"rendered":"<div data-elementor-type=\"wp-page\" data-elementor-id=\"12\" class=\"elementor elementor-12\" data-elementor-post-type=\"page\">\n\t\t\t\t<div class=\"elementor-element elementor-element-c3ed12e pos-rel e-flex e-con-boxed e-con e-parent\" data-id=\"c3ed12e\" data-element_type=\"container\" data-e-type=\"container\">\n\t\t\t\t\t<div class=\"e-con-inner\">\n\t\t<div class=\"elementor-element elementor-element-1092f5b e-con-full e-flex e-con e-child\" data-id=\"1092f5b\" data-element_type=\"container\" data-e-type=\"container\">\n\t\t\t\t<div class=\"elementor-element elementor-element-30c7e5c elementor-widget elementor-widget-heading\" data-id=\"30c7e5c\" data-element_type=\"widget\" data-e-type=\"widget\" data-widget_type=\"heading.default\">\n\t\t\t\t<div class=\"elementor-widget-container\">\n\t\t\t\t\t<h2 class=\"elementor-heading-title elementor-size-default\">Mir\u00eb se vini n\u00eb Klubin e Biznesit, ku ne lidhemi dhe bashk\u00ebpunojm\u00eb p\u00ebr t\u00eb nxitur rritjen dhe suksesin.<\/h2>\t\t\t\t<\/div>\n\t\t\t\t<\/div>\n\t\t\t\t<\/div>\n\t\t<div class=\"elementor-element elementor-element-fe29888 e-con-full elementor-hidden-tablet elementor-hidden-mobile e-flex e-con e-child\" data-id=\"fe29888\" data-element_type=\"container\" data-e-type=\"container\">\n\t\t\t\t<\/div>\n\t\t\t\t\t<\/div>\n\t\t\t\t<\/div>\n\t\t<div class=\"elementor-element elementor-element-7a49500 e-con-full e-flex e-con e-parent\" data-id=\"7a49500\" data-element_type=\"container\" data-e-type=\"container\">\n\t\t<div class=\"elementor-element elementor-element-a2fbe21 e-flex e-con-boxed e-con e-child\" data-id=\"a2fbe21\" data-element_type=\"container\" data-e-type=\"container\">\n\t\t\t\t\t<div class=\"e-con-inner\">\n\t\t<div class=\"elementor-element elementor-element-e775247 e-con-full news-holder e-flex e-con e-child\" data-id=\"e775247\" data-element_type=\"container\" data-e-type=\"container\" data-settings=\"{&quot;background_background&quot;:&quot;classic&quot;}\">\n\t\t<div class=\"elementor-element elementor-element-5055772 e-con-full e-flex e-con e-child\" data-id=\"5055772\" data-element_type=\"container\" data-e-type=\"container\">\n\t\t\t\t<div class=\"elementor-element elementor-element-19ecb1c news-heading elementor-widget elementor-widget-heading\" data-id=\"19ecb1c\" data-element_type=\"widget\" data-e-type=\"widget\" data-widget_type=\"heading.default\">\n\t\t\t\t<div class=\"elementor-widget-container\">\n\t\t\t\t\t<h3 class=\"elementor-heading-title elementor-size-default\">LAJME<\/h3>\t\t\t\t<\/div>\n\t\t\t\t<\/div>\n\t\t\t\t<\/div>\n\t\t<div class=\"elementor-element elementor-element-cfa7c7f e-con-full e-flex e-con e-child\" data-id=\"cfa7c7f\" data-element_type=\"container\" data-e-type=\"container\">\n\t\t\t\t<div class=\"elementor-element elementor-element-0ad0dfc elementor-grid-1 elementor-posts--thumbnail-right elementor-grid-tablet-1 post-mobile-flipped posts-sec elementor-posts--align-left elementor-grid-mobile-1 elementor-widget elementor-widget-posts\" data-id=\"0ad0dfc\" data-element_type=\"widget\" data-e-type=\"widget\" data-settings=\"{&quot;classic_columns&quot;:&quot;1&quot;,&quot;classic_row_gap&quot;:{&quot;unit&quot;:&quot;em&quot;,&quot;size&quot;:1.875,&quot;sizes&quot;:[]},&quot;classic_row_gap_tablet&quot;:{&quot;unit&quot;:&quot;em&quot;,&quot;size&quot;:&quot;&quot;,&quot;sizes&quot;:[]},&quot;classic_row_gap_mobile&quot;:{&quot;unit&quot;:&quot;em&quot;,&quot;size&quot;:&quot;&quot;,&quot;sizes&quot;:[]},&quot;classic_columns_tablet&quot;:&quot;1&quot;,&quot;classic_columns_mobile&quot;:&quot;1&quot;}\" data-widget_type=\"posts.classic\">\n\t\t\t\t<div class=\"elementor-widget-container\">\n\t\t\t\t\t\t\t<div class=\"elementor-posts-container elementor-posts elementor-posts--skin-classic elementor-grid\" role=\"list\">\n\t\t\t\t<article class=\"elementor-post elementor-grid-item post-1063 post type-post status-publish format-standard hentry category-uncategorized-en\" role=\"listitem\">\n\t\t\t\t<div class=\"elementor-post__text\">\n\t\t\t\t<h3 class=\"elementor-post__title\">\n\t\t\t<a href=\"https:\/\/businessclub-ks.com\/sq\/we-had-the-privilege-of-meeting-with-laura-morison-head-of-wider-europe-south-international-strategy-and-trade-relations-at-the-department-for-business-and-trade-dbt-to-discuss-ways-to-strengthe\/\" >\n\t\t\t\tWe had the privilege of meeting with Laura Morison, Head of Wider Europe South | International Strategy and Trade Relations at the Department for Business and Trade (DBT), to discuss ways to strengthen trade relations between the UK and Kosovo.\t\t\t<\/a>\n\t\t<\/h3>\n\t\t\t\t<div class=\"elementor-post__excerpt\">\n\t\t\t\t\t<\/div>\n\t\t\t\t\t<div class=\"elementor-post__read-more-wrapper\">\n\t\t\n\t\t<a class=\"elementor-post__read-more\" href=\"https:\/\/businessclub-ks.com\/sq\/we-had-the-privilege-of-meeting-with-laura-morison-head-of-wider-europe-south-international-strategy-and-trade-relations-at-the-department-for-business-and-trade-dbt-to-discuss-ways-to-strengthe\/\" aria-label=\"Read more about We had the privilege of meeting with Laura Morison, Head of Wider Europe South | International Strategy and Trade Relations at the Department for Business and Trade (DBT), to discuss ways to strengthen trade relations between the UK and Kosovo.\" tabindex=\"-1\" >\n\t\t\tLexo m\u00eb shum\u00eb\t\t<\/a>\n\n\t\t\t\t\t<\/div>\n\t\t\t\t<\/div>\n\t\t\t\t<\/article>\n\t\t\t\t<article class=\"elementor-post elementor-grid-item post-1059 post type-post status-publish format-standard hentry category-uncategorized-en\" role=\"listitem\">\n\t\t\t\t<div class=\"elementor-post__text\">\n\t\t\t\t<h3 class=\"elementor-post__title\">\n\t\t\t<a href=\"https:\/\/businessclub-ks.com\/sq\/we-had-the-privilege-of-meeting-with-robert-porter-the-kosovo-desk-officer-at-the-uk-foreign-commonwealth-development-office-fcdo\/\" >\n\t\t\t\tWe had the privilege of meeting with Robert Porter, the Kosovo Desk Officer at the UK Foreign, Commonwealth &amp; Development Office (FCDO).\t\t\t<\/a>\n\t\t<\/h3>\n\t\t\t\t<div class=\"elementor-post__excerpt\">\n\t\t\t\t\t<\/div>\n\t\t\t\t\t<div class=\"elementor-post__read-more-wrapper\">\n\t\t\n\t\t<a class=\"elementor-post__read-more\" href=\"https:\/\/businessclub-ks.com\/sq\/we-had-the-privilege-of-meeting-with-robert-porter-the-kosovo-desk-officer-at-the-uk-foreign-commonwealth-development-office-fcdo\/\" aria-label=\"Read more about We had the privilege of meeting with Robert Porter, the Kosovo Desk Officer at the UK Foreign, Commonwealth &amp; Development Office (FCDO).\" tabindex=\"-1\" >\n\t\t\tLexo m\u00eb shum\u00eb\t\t<\/a>\n\n\t\t\t\t\t<\/div>\n\t\t\t\t<\/div>\n\t\t\t\t<\/article>\n\t\t\t\t<article class=\"elementor-post elementor-grid-item post-1051 post type-post status-publish format-standard has-post-thumbnail hentry category-uncategorized-en\" role=\"listitem\">\n\t\t\t\t<a class=\"elementor-post__thumbnail__link\" href=\"https:\/\/businessclub-ks.com\/sq\/meeting-with-uk-ambassador-jonathan-hargreaves\/\" tabindex=\"-1\" >\n\t\t\t<div class=\"elementor-post__thumbnail\"><img fetchpriority=\"high\" decoding=\"async\" width=\"526\" height=\"347\" src=\"https:\/\/businessclub-ks.com\/wp-content\/uploads\/2024\/12\/ilir-hargreaves.jpg\" class=\"attachment-large size-large wp-image-1052\" alt=\"\" srcset=\"https:\/\/businessclub-ks.com\/wp-content\/uploads\/2024\/12\/ilir-hargreaves.jpg 526w, https:\/\/businessclub-ks.com\/wp-content\/uploads\/2024\/12\/ilir-hargreaves-300x198.jpg 300w, https:\/\/businessclub-ks.com\/wp-content\/uploads\/2024\/12\/ilir-hargreaves-18x12.jpg 18w\" sizes=\"(max-width: 526px) 100vw, 526px\" \/><\/div>\n\t\t<\/a>\n\t\t\t\t<div class=\"elementor-post__text\">\n\t\t\t\t<h3 class=\"elementor-post__title\">\n\t\t\t<a href=\"https:\/\/businessclub-ks.com\/sq\/meeting-with-uk-ambassador-jonathan-hargreaves\/\" >\n\t\t\t\tMeeting with UK Ambassador Jonathan Hargreaves\t\t\t<\/a>\n\t\t<\/h3>\n\t\t\t\t<div class=\"elementor-post__excerpt\">\n\t\t\t\t\t<\/div>\n\t\t\t\t\t<div class=\"elementor-post__read-more-wrapper\">\n\t\t\n\t\t<a class=\"elementor-post__read-more\" href=\"https:\/\/businessclub-ks.com\/sq\/meeting-with-uk-ambassador-jonathan-hargreaves\/\" aria-label=\"Read more about Meeting with UK Ambassador Jonathan Hargreaves\" tabindex=\"-1\" >\n\t\t\tLexo m\u00eb shum\u00eb\t\t<\/a>\n\n\t\t\t\t\t<\/div>\n\t\t\t\t<\/div>\n\t\t\t\t<\/article>\n\t\t\t\t<article class=\"elementor-post elementor-grid-item post-1040 post type-post status-publish format-standard hentry category-uncategorized-en\" role=\"listitem\">\n\t\t\t\t<div class=\"elementor-post__text\">\n\t\t\t\t<h3 class=\"elementor-post__title\">\n\t\t\t<a href=\"https:\/\/businessclub-ks.com\/sq\/were-thrilled-to-welcome-metdaan-as-an-exclusive-affiliate-member-of-the-business-club\/\" >\n\t\t\t\tWe\u2019re thrilled to welcome MetDaan as an Exclusive Affiliate Member of The Business Club!\t\t\t<\/a>\n\t\t<\/h3>\n\t\t\t\t<div class=\"elementor-post__excerpt\">\n\t\t\t\t\t<\/div>\n\t\t\t\t\t<div class=\"elementor-post__read-more-wrapper\">\n\t\t\n\t\t<a class=\"elementor-post__read-more\" href=\"https:\/\/businessclub-ks.com\/sq\/were-thrilled-to-welcome-metdaan-as-an-exclusive-affiliate-member-of-the-business-club\/\" aria-label=\"Read more about We\u2019re thrilled to welcome MetDaan as an Exclusive Affiliate Member of The Business Club!\" tabindex=\"-1\" >\n\t\t\tLexo m\u00eb shum\u00eb\t\t<\/a>\n\n\t\t\t\t\t<\/div>\n\t\t\t\t<\/div>\n\t\t\t\t<\/article>\n\t\t\t\t<article class=\"elementor-post elementor-grid-item post-1023 post type-post status-publish format-standard has-post-thumbnail hentry category-uncategorized-en\" role=\"listitem\">\n\t\t\t\t<a class=\"elementor-post__thumbnail__link\" href=\"https:\/\/businessclub-ks.com\/sq\/uk-kosovo-business-forum-kicks-off-strengthening-economic-partnerships\/\" tabindex=\"-1\" >\n\t\t\t<div class=\"elementor-post__thumbnail\"><img decoding=\"async\" width=\"800\" height=\"533\" src=\"https:\/\/businessclub-ks.com\/wp-content\/uploads\/2024\/11\/uk-ks-3-1024x682.jpg\" class=\"attachment-large size-large wp-image-1006\" alt=\"\" srcset=\"https:\/\/businessclub-ks.com\/wp-content\/uploads\/2024\/11\/uk-ks-3-1024x682.jpg 1024w, https:\/\/businessclub-ks.com\/wp-content\/uploads\/2024\/11\/uk-ks-3-300x200.jpg 300w, https:\/\/businessclub-ks.com\/wp-content\/uploads\/2024\/11\/uk-ks-3-768x512.jpg 768w, https:\/\/businessclub-ks.com\/wp-content\/uploads\/2024\/11\/uk-ks-3-1536x1023.jpg 1536w, https:\/\/businessclub-ks.com\/wp-content\/uploads\/2024\/11\/uk-ks-3-18x12.jpg 18w, https:\/\/businessclub-ks.com\/wp-content\/uploads\/2024\/11\/uk-ks-3.jpg 1600w\" sizes=\"(max-width: 800px) 100vw, 800px\" \/><\/div>\n\t\t<\/a>\n\t\t\t\t<div class=\"elementor-post__text\">\n\t\t\t\t<h3 class=\"elementor-post__title\">\n\t\t\t<a href=\"https:\/\/businessclub-ks.com\/sq\/uk-kosovo-business-forum-kicks-off-strengthening-economic-partnerships\/\" >\n\t\t\t\tFillon Forumi i Biznesit MB-Kosov\u00eb: Forcimi i Partneriteteve Ekonomike\t\t\t<\/a>\n\t\t<\/h3>\n\t\t\t\t<div class=\"elementor-post__excerpt\">\n\t\t\t\t\t<\/div>\n\t\t\t\t\t<div class=\"elementor-post__read-more-wrapper\">\n\t\t\n\t\t<a class=\"elementor-post__read-more\" href=\"https:\/\/businessclub-ks.com\/sq\/uk-kosovo-business-forum-kicks-off-strengthening-economic-partnerships\/\" aria-label=\"Read more about UK-Kosovo Business Forum Kicks Off: Strengthening Economic Partnerships\" tabindex=\"-1\" >\n\t\t\tLexo m\u00eb shum\u00eb\t\t<\/a>\n\n\t\t\t\t\t<\/div>\n\t\t\t\t<\/div>\n\t\t\t\t<\/article>\n\t\t\t\t<\/div>\n\t\t\n\t\t\t\t\t\t<\/div>\n\t\t\t\t<\/div>\n\t\t\t\t<\/div>\n\t\t\t\t<\/div>\n\t\t\t\t\t<\/div>\n\t\t\t\t<\/div>\n\t\t\t\t<\/div>\n\t\t\t\t<\/div>","protected":false},"excerpt":{"rendered":"<p>Welcome to the Business Club, where we connect and collaborate to foster growth and success. NEWS<\/p>","protected":false},"author":1,"featured_media":0,"parent":0,"menu_order":0,"comment_status":"closed","ping_status":"closed","template":"","meta":{"footnotes":""},"class_list":["post-12","page","type-page","status-publish","hentry"],"_links":{"self":[{"href":"https:\/\/businessclub-ks.com\/sq\/wp-json\/wp\/v2\/pages\/12","targetHints":{"allow":["GET"]}}],"collection":[{"href":"https:\/\/businessclub-ks.com\/sq\/wp-json\/wp\/v2\/pages"}],"about":[{"href":"https:\/\/businessclub-ks.com\/sq\/wp-json\/wp\/v2\/types\/page"}],"author":[{"embeddable":true,"href":"https:\/\/businessclub-ks.com\/sq\/wp-json\/wp\/v2\/users\/1"}],"replies":[{"embeddable":true,"href":"https:\/\/businessclub-ks.com\/sq\/wp-json\/wp\/v2\/comments?post=12"}],"version-history":[{"count":83,"href":"https:\/\/businessclub-ks.com\/sq\/wp-json\/wp\/v2\/pages\/12\/revisions"}],"predecessor-version":[{"id":971,"href":"https:\/\/businessclub-ks.com\/sq\/wp-json\/wp\/v2\/pages\/12\/revisions\/971"}],"wp:attachment":[{"href":"https:\/\/businessclub-ks.com\/sq\/wp-json\/wp\/v2\/media?parent=12"}],"curies":[{"name":"wp","href":"https:\/\/api.w.org\/{rel}","templated":true}]}}