{"id":10,"date":"2024-03-06T01:18:28","date_gmt":"2024-03-06T01:18:28","guid":{"rendered":"https:\/\/kistura.com\/bc\/?page_id=10"},"modified":"2024-07-12T12:49:38","modified_gmt":"2024-07-12T12:49:38","slug":"about-us-v1","status":"publish","type":"page","link":"https:\/\/businessclub-ks.com\/sq\/about-us-v1\/","title":{"rendered":"Rreth Nesh"},"content":{"rendered":"<div data-elementor-type=\"wp-page\" data-elementor-id=\"10\" class=\"elementor elementor-10\" data-elementor-post-type=\"page\">\n\t\t\t\t<div class=\"elementor-element elementor-element-fe1462c pos-rel e-flex e-con-boxed e-con e-parent\" data-id=\"fe1462c\" data-element_type=\"container\" data-e-type=\"container\">\n\t\t\t\t\t<div class=\"e-con-inner\">\n\t\t<div class=\"elementor-element elementor-element-058fc74 e-con-full e-flex e-con e-child\" data-id=\"058fc74\" data-element_type=\"container\" data-e-type=\"container\">\n\t\t\t\t<div class=\"elementor-element elementor-element-0d0e71e elementor-widget elementor-widget-heading\" data-id=\"0d0e71e\" data-element_type=\"widget\" data-e-type=\"widget\" data-widget_type=\"heading.default\">\n\t\t\t\t<div class=\"elementor-widget-container\">\n\t\t\t\t\t<h1 class=\"elementor-heading-title elementor-size-default\">Bashkohuni me Klubin e Biznesit p\u00ebr Rritje Bashk\u00ebpunuese<\/h1>\t\t\t\t<\/div>\n\t\t\t\t<\/div>\n\t\t\t\t<div class=\"elementor-element elementor-element-f499540 elementor-widget elementor-widget-heading\" data-id=\"f499540\" data-element_type=\"widget\" data-e-type=\"widget\" data-widget_type=\"heading.default\">\n\t\t\t\t<div class=\"elementor-widget-container\">\n\t\t\t\t\t<h3 class=\"elementor-heading-title elementor-size-default\">Mir\u00eb se vini n\u00eb Klubin e Biznesit, ku ne lidhemi dhe bashk\u00ebpunojm\u00eb p\u00ebr t\u00eb nxitur rritjen dhe suksesin.<\/h3>\t\t\t\t<\/div>\n\t\t\t\t<\/div>\n\t\t\t\t<\/div>\n\t\t<div class=\"elementor-element elementor-element-1451923 e-con-full e-flex e-con e-child\" data-id=\"1451923\" data-element_type=\"container\" data-e-type=\"container\">\n\t\t\t\t<\/div>\n\t\t\t\t\t<\/div>\n\t\t\t\t<\/div>\n\t\t<div class=\"elementor-element elementor-element-2025cef e-flex e-con-boxed e-con e-parent\" data-id=\"2025cef\" data-element_type=\"container\" data-e-type=\"container\">\n\t\t\t\t\t<div class=\"e-con-inner\">\n\t\t\t\t<div class=\"elementor-element elementor-element-6387e7b elementor-widget elementor-widget-text-editor\" data-id=\"6387e7b\" data-element_type=\"widget\" data-e-type=\"widget\" data-widget_type=\"text-editor.default\">\n\t\t\t\t<div class=\"elementor-widget-container\">\n\t\t\t\t\t\t\t\t\t<p>Nisma p\u00ebr themelimin e Klubit t\u00eb Biznesit \u00ebsht\u00eb synim ambicioz i lider\u00ebve t\u00eb biznesit n\u00eb Kosov\u00eb. Gjat\u00eb vitit 2022, si p\u00ebrpjekje p\u00ebr t\u00eb rritur bashk\u00ebpunimin mes bizneseve kosovare dhe diaspor\u00ebs, kjo ide ka filluar t\u00eb materializohet dhe t\u00eb zbatohet. Klubi ka identifikuar an\u00ebtar\u00ebt themelues t\u00eb cil\u00ebt do t\u00eb sh\u00ebrbejn\u00eb si shtyllat kryesore t\u00eb tij dhe organi m\u00eb i lart\u00eb vendimmarr\u00ebs. Ne synojm\u00eb t\u00eb jemi nj\u00eb organizat\u00eb biznesi me rol qendror n\u00eb bot\u00ebn e biznesit n\u00eb Kosov\u00eb dhe adresa kryesore e bashk\u00ebpunimit nd\u00ebrmjet bizneseve kosovare dhe atyre globale.<\/p>\t\t\t\t\t\t\t\t<\/div>\n\t\t\t\t<\/div>\n\t\t\t\t\t<\/div>\n\t\t\t\t<\/div>\n\t\t<div class=\"elementor-element elementor-element-b76f61b e-flex e-con-boxed e-con e-parent\" data-id=\"b76f61b\" data-element_type=\"container\" data-e-type=\"container\">\n\t\t\t\t\t<div class=\"e-con-inner\">\n\t\t<div class=\"elementor-element elementor-element-612fcfb e-con-full e-flex e-con e-child\" data-id=\"612fcfb\" data-element_type=\"container\" data-e-type=\"container\">\n\t\t\t\t<div class=\"elementor-element elementor-element-37d871c elementor-widget elementor-widget-heading\" data-id=\"37d871c\" data-element_type=\"widget\" data-e-type=\"widget\" data-widget_type=\"heading.default\">\n\t\t\t\t<div class=\"elementor-widget-container\">\n\t\t\t\t\t<h2 class=\"elementor-heading-title elementor-size-default\">Q\u00ebllimet<\/h2>\t\t\t\t<\/div>\n\t\t\t\t<\/div>\n\t\t\t\t<div class=\"elementor-element elementor-element-7e35e05 elementor-widget elementor-widget-text-editor\" data-id=\"7e35e05\" data-element_type=\"widget\" data-e-type=\"widget\" data-widget_type=\"text-editor.default\">\n\t\t\t\t<div class=\"elementor-widget-container\">\n\t\t\t\t\t\t\t\t\t<p>Nj\u00eb nga q\u00ebllimet kryesore t\u00eb Klubit t\u00eb Biznesit \u00ebsht\u00eb thellimi i bashk\u00ebpunimit t\u00eb vazhduesh\u00ebm nd\u00ebrmjet bizneseve kosovare dhe atyre globale, si dhe krijimi i hap\u00ebsirave t\u00eb nevojshme p\u00ebr rritjen e angazhimit t\u00eb biznesit. Kjo p\u00ebrfshin aktivitete t\u00eb tilla si lobimi, mbledhja e informacionit, k\u00ebrkimi dhe vendosja e standardeve t\u00eb industris\u00eb. Kompanit\u00eb an\u00ebtare do t\u00eb ken\u00eb mund\u00ebsin\u00eb t\u00eb ndjekin q\u00ebllimet e tyre n\u00eb nj\u00eb gam\u00eb t\u00eb gjer\u00eb fushash p\u00ebrmes Klubit t\u00eb Biznesit, nga \u00e7\u00ebshtjet rregullatore te k\u00ebrkimi dhe p\u00ebrmir\u00ebsimi i imazhit t\u00eb industris\u00eb.<\/p>\t\t\t\t\t\t\t\t<\/div>\n\t\t\t\t<\/div>\n\t\t\t\t<\/div>\n\t\t<div class=\"elementor-element elementor-element-5af1162 e-con-full e-flex e-con e-child\" data-id=\"5af1162\" data-element_type=\"container\" data-e-type=\"container\">\n\t\t\t\t<div class=\"elementor-element elementor-element-2f17501 elementor-widget elementor-widget-image\" data-id=\"2f17501\" data-element_type=\"widget\" data-e-type=\"widget\" data-widget_type=\"image.default\">\n\t\t\t\t<div class=\"elementor-widget-container\">\n\t\t\t\t\t\t\t\t\t\t\t\t\t\t\t<img fetchpriority=\"high\" decoding=\"async\" width=\"403\" height=\"291\" src=\"https:\/\/businessclub-ks.com\/wp-content\/uploads\/2024\/03\/target-transparent.png\" class=\"attachment-large size-large wp-image-445\" alt=\"\" srcset=\"https:\/\/businessclub-ks.com\/wp-content\/uploads\/2024\/03\/target-transparent.png 403w, https:\/\/businessclub-ks.com\/wp-content\/uploads\/2024\/03\/target-transparent-300x217.png 300w\" sizes=\"(max-width: 403px) 100vw, 403px\" \/>\t\t\t\t\t\t\t\t\t\t\t\t\t\t\t<\/div>\n\t\t\t\t<\/div>\n\t\t\t\t<\/div>\n\t\t\t\t\t<\/div>\n\t\t\t\t<\/div>\n\t\t<div class=\"elementor-element elementor-element-ab5b863 e-flex e-con-boxed e-con e-parent\" data-id=\"ab5b863\" data-element_type=\"container\" data-e-type=\"container\">\n\t\t\t\t\t<div class=\"e-con-inner\">\n\t\t<div class=\"elementor-element elementor-element-e1bdb7a e-con-full e-flex e-con e-child\" data-id=\"e1bdb7a\" data-element_type=\"container\" data-e-type=\"container\">\n\t\t\t\t<div class=\"elementor-element elementor-element-51ca723 elementor-widget elementor-widget-heading\" data-id=\"51ca723\" data-element_type=\"widget\" data-e-type=\"widget\" data-widget_type=\"heading.default\">\n\t\t\t\t<div class=\"elementor-widget-container\">\n\t\t\t\t\t<h2 class=\"elementor-heading-title elementor-size-default\">Misioni<\/h2>\t\t\t\t<\/div>\n\t\t\t\t<\/div>\n\t\t\t\t<div class=\"elementor-element elementor-element-58e981d elementor-widget elementor-widget-text-editor\" data-id=\"58e981d\" data-element_type=\"widget\" data-e-type=\"widget\" data-widget_type=\"text-editor.default\">\n\t\t\t\t<div class=\"elementor-widget-container\">\n\t\t\t\t\t\t\t\t\t<p>Klubi i Biznesit synon t\u00eb siguroj\u00eb dhe promovoj\u00eb bashk\u00ebpunimin e sektorit privat me q\u00ebllim rritjen e aktivitetit ekonomik, bashk\u00ebpunimin nd\u00ebrkomb\u00ebtar, kontributin dhe avokimin p\u00ebr nj\u00eb ekonomi tregu funksionale. P\u00ebr m\u00eb tep\u00ebr, ai synon t\u00eb ofroj\u00eb trajnime dhe edukim p\u00ebr t\u00eb p\u00ebrmir\u00ebsuar suksesin e biznesit t\u00eb \u00e7do an\u00ebtari, t\u00eb krijoj\u00eb nj\u00eb atmosfer\u00eb inkurajuese p\u00ebr an\u00ebtar\u00ebt q\u00eb t\u00eb b\u00ebjn\u00eb biznes mes tyre dhe me vendet e tjera evropiane, duke shk\u00ebmbyer njohuri, rrjet\u00ebzim dhe pjes\u00ebmarrje n\u00eb takime B2B.<\/p>\t\t\t\t\t\t\t\t<\/div>\n\t\t\t\t<\/div>\n\t\t\t\t<\/div>\n\t\t<div class=\"elementor-element elementor-element-f662e5f e-con-full e-flex e-con e-child\" data-id=\"f662e5f\" data-element_type=\"container\" data-e-type=\"container\">\n\t\t\t\t<div class=\"elementor-element elementor-element-d4de74f elementor-widget elementor-widget-image\" data-id=\"d4de74f\" data-element_type=\"widget\" data-e-type=\"widget\" data-widget_type=\"image.default\">\n\t\t\t\t<div class=\"elementor-widget-container\">\n\t\t\t\t\t\t\t\t\t\t\t\t\t\t\t<img decoding=\"async\" width=\"800\" height=\"424\" src=\"https:\/\/businessclub-ks.com\/wp-content\/uploads\/2024\/03\/stare-transparent-1024x543.png\" class=\"attachment-large size-large wp-image-446\" alt=\"\" srcset=\"https:\/\/businessclub-ks.com\/wp-content\/uploads\/2024\/03\/stare-transparent-1024x543.png 1024w, https:\/\/businessclub-ks.com\/wp-content\/uploads\/2024\/03\/stare-transparent-300x159.png 300w, https:\/\/businessclub-ks.com\/wp-content\/uploads\/2024\/03\/stare-transparent-768x407.png 768w, https:\/\/businessclub-ks.com\/wp-content\/uploads\/2024\/03\/stare-transparent.png 1079w\" sizes=\"(max-width: 800px) 100vw, 800px\" \/>\t\t\t\t\t\t\t\t\t\t\t\t\t\t\t<\/div>\n\t\t\t\t<\/div>\n\t\t\t\t<\/div>\n\t\t\t\t\t<\/div>\n\t\t\t\t<\/div>\n\t\t<div class=\"elementor-element elementor-element-29a0e42 e-flex e-con-boxed e-con e-parent\" data-id=\"29a0e42\" data-element_type=\"container\" data-e-type=\"container\">\n\t\t\t\t\t<div class=\"e-con-inner\">\n\t\t<div class=\"elementor-element elementor-element-f135486 e-con-full e-flex e-con e-child\" data-id=\"f135486\" data-element_type=\"container\" data-e-type=\"container\">\n\t\t\t\t<div class=\"elementor-element elementor-element-e22ca47 elementor-widget elementor-widget-heading\" data-id=\"e22ca47\" data-element_type=\"widget\" data-e-type=\"widget\" data-widget_type=\"heading.default\">\n\t\t\t\t<div class=\"elementor-widget-container\">\n\t\t\t\t\t<h2 class=\"elementor-heading-title elementor-size-default\">Vizioni<\/h2>\t\t\t\t<\/div>\n\t\t\t\t<\/div>\n\t\t\t\t<div class=\"elementor-element elementor-element-260df26 elementor-widget elementor-widget-text-editor\" data-id=\"260df26\" data-element_type=\"widget\" data-e-type=\"widget\" data-widget_type=\"text-editor.default\">\n\t\t\t\t<div class=\"elementor-widget-container\">\n\t\t\t\t\t\t\t\t\t<p>Klubi i Biznesit parasheh rritjen e bashk\u00ebpunimit nd\u00ebrmjet bizneseve kosovare dhe atyre bot\u00ebrore n\u00eb t\u00eb ardhmen e af\u00ebrt, n\u00eb m\u00ebnyr\u00eb q\u00eb t'i kushtohet v\u00ebmendje dhe ndikimi i nevojsh\u00ebm zhvillimit ekonomik n\u00eb Kosov\u00eb. Klubi i Biznesit synon t\u00eb b\u00ebhet z\u00ebri kryesor dhe m\u00eb i fuqish\u00ebm i komunitetit t\u00eb biznesit. Objektivat e Klubit t\u00eb Biznesit:<\/p>\t\t\t\t\t\t\t\t<\/div>\n\t\t\t\t<\/div>\n\t\t\t\t<\/div>\n\t\t<div class=\"elementor-element elementor-element-e8f1b85 e-con-full e-flex e-con e-child\" data-id=\"e8f1b85\" data-element_type=\"container\" data-e-type=\"container\">\n\t\t\t\t<div class=\"elementor-element elementor-element-ce1e9c0 elementor-widget elementor-widget-image\" data-id=\"ce1e9c0\" data-element_type=\"widget\" data-e-type=\"widget\" data-widget_type=\"image.default\">\n\t\t\t\t<div class=\"elementor-widget-container\">\n\t\t\t\t\t\t\t\t\t\t\t\t\t\t\t<img decoding=\"async\" width=\"789\" height=\"523\" src=\"https:\/\/businessclub-ks.com\/wp-content\/uploads\/2024\/03\/mountain-transparent.png\" class=\"attachment-large size-large wp-image-447\" alt=\"\" srcset=\"https:\/\/businessclub-ks.com\/wp-content\/uploads\/2024\/03\/mountain-transparent.png 789w, https:\/\/businessclub-ks.com\/wp-content\/uploads\/2024\/03\/mountain-transparent-300x199.png 300w, https:\/\/businessclub-ks.com\/wp-content\/uploads\/2024\/03\/mountain-transparent-768x509.png 768w\" sizes=\"(max-width: 789px) 100vw, 789px\" \/>\t\t\t\t\t\t\t\t\t\t\t\t\t\t\t<\/div>\n\t\t\t\t<\/div>\n\t\t\t\t<\/div>\n\t\t\t\t\t<\/div>\n\t\t\t\t<\/div>\n\t\t<div class=\"elementor-element elementor-element-56ccf98 e-con-full e-flex e-con e-parent\" data-id=\"56ccf98\" data-element_type=\"container\" data-e-type=\"container\">\n\t\t<div class=\"elementor-element elementor-element-e4a8517 e-con-full e-flex e-con e-child\" data-id=\"e4a8517\" data-element_type=\"container\" data-e-type=\"container\" data-settings=\"{&quot;background_background&quot;:&quot;classic&quot;}\">\n\t\t<div class=\"elementor-element elementor-element-56344fd slight-up e-flex e-con-boxed e-con e-child\" data-id=\"56344fd\" data-element_type=\"container\" data-e-type=\"container\">\n\t\t\t\t\t<div class=\"e-con-inner\">\n\t\t<div class=\"elementor-element elementor-element-f476c56 e-flex e-con-boxed e-con e-child\" data-id=\"f476c56\" data-element_type=\"container\" data-e-type=\"container\" data-settings=\"{&quot;background_background&quot;:&quot;classic&quot;}\">\n\t\t\t\t\t<div class=\"e-con-inner\">\n\t\t\t\t<div class=\"elementor-element elementor-element-a6eba01 elementor-widget elementor-widget-heading\" data-id=\"a6eba01\" data-element_type=\"widget\" data-e-type=\"widget\" data-widget_type=\"heading.default\">\n\t\t\t\t<div class=\"elementor-widget-container\">\n\t\t\t\t\t<h2 class=\"elementor-heading-title elementor-size-default\">Biznesi<\/h2>\t\t\t\t<\/div>\n\t\t\t\t<\/div>\n\t\t\t\t<div class=\"elementor-element elementor-element-1866bb3 elementor-widget elementor-widget-text-editor\" data-id=\"1866bb3\" data-element_type=\"widget\" data-e-type=\"widget\" data-widget_type=\"text-editor.default\">\n\t\t\t\t<div class=\"elementor-widget-container\">\n\t\t\t\t\t\t\t\t\t<p>Ne ofrojm\u00eb nj\u00eb shum\u00ebllojshm\u00ebri programesh dhe burimesh p\u00ebr t'ju ndihmuar t\u00eb rritni biznesin tuaj n\u00eb Kosov\u00eb. Themeluesit tan\u00eb kan\u00eb nj\u00eb p\u00ebrvoj\u00eb t\u00eb pasur n\u00eb biznes dhe njohurit\u00eb e tyre mund t\u00eb jen\u00eb tep\u00ebr t\u00eb vlefshme. Ne p\u00ebrpiqemi t\u00eb identifikojm\u00eb dhe t\u00eb bashk\u00ebpunojm\u00eb me kompani dhe ide inovative p\u00ebr t\u00eb zhvilluar m\u00eb tej rrjetin dhe partneritetet tona.<\/p>\t\t\t\t\t\t\t\t<\/div>\n\t\t\t\t<\/div>\n\t\t\t\t\t<\/div>\n\t\t\t\t<\/div>\n\t\t<div class=\"elementor-element elementor-element-f38a910 e-flex e-con-boxed e-con e-child\" data-id=\"f38a910\" data-element_type=\"container\" data-e-type=\"container\" data-settings=\"{&quot;background_background&quot;:&quot;classic&quot;}\">\n\t\t\t\t\t<div class=\"e-con-inner\">\n\t\t\t\t<div class=\"elementor-element elementor-element-58d60b3 elementor-widget elementor-widget-heading\" data-id=\"58d60b3\" data-element_type=\"widget\" data-e-type=\"widget\" data-widget_type=\"heading.default\">\n\t\t\t\t<div class=\"elementor-widget-container\">\n\t\t\t\t\t<h2 class=\"elementor-heading-title elementor-size-default\">Rrjet\u00ebzimi<\/h2>\t\t\t\t<\/div>\n\t\t\t\t<\/div>\n\t\t\t\t<div class=\"elementor-element elementor-element-22764f1 elementor-widget elementor-widget-text-editor\" data-id=\"22764f1\" data-element_type=\"widget\" data-e-type=\"widget\" data-widget_type=\"text-editor.default\">\n\t\t\t\t<div class=\"elementor-widget-container\">\n\t\t\t\t\t\t\t\t\t<p>Klubi yn\u00eb \u00ebsht\u00eb vendi i p\u00ebrsosur p\u00ebr t\u00eb takuar profesionist\u00eb t\u00eb tjer\u00eb q\u00eb ndajn\u00eb interesat dhe q\u00ebllimet tuaja n\u00eb Kosov\u00eb. Ne organizojm\u00eb ngjarje t\u00eb rregullta t\u00eb rrjeteve ku mund t\u00eb lidheni me pronar\u00eb dhe drejtues t\u00eb tjer\u00eb biznesi, t\u00eb ndani ide dhe t\u00eb krijoni marr\u00ebdh\u00ebnie t\u00eb vlefshme me komunitetin lokal t\u00eb biznesit, duke p\u00ebrfshir\u00eb ato gjasht\u00eb korporata themeluese.<\/p>\t\t\t\t\t\t\t\t<\/div>\n\t\t\t\t<\/div>\n\t\t\t\t\t<\/div>\n\t\t\t\t<\/div>\n\t\t\t\t\t<\/div>\n\t\t\t\t<\/div>\n\t\t<div class=\"elementor-element elementor-element-55c4502 slight-up e-flex e-con-boxed e-con e-child\" data-id=\"55c4502\" data-element_type=\"container\" data-e-type=\"container\">\n\t\t\t\t\t<div class=\"e-con-inner\">\n\t\t<div class=\"elementor-element elementor-element-989739f e-flex e-con-boxed e-con e-child\" data-id=\"989739f\" data-element_type=\"container\" data-e-type=\"container\" data-settings=\"{&quot;background_background&quot;:&quot;classic&quot;}\">\n\t\t\t\t\t<div class=\"e-con-inner\">\n\t\t\t\t<div class=\"elementor-element elementor-element-16fc85b elementor-widget elementor-widget-heading\" data-id=\"16fc85b\" data-element_type=\"widget\" data-e-type=\"widget\" data-widget_type=\"heading.default\">\n\t\t\t\t<div class=\"elementor-widget-container\">\n\t\t\t\t\t<h2 class=\"elementor-heading-title elementor-size-default\">Njohja<\/h2>\t\t\t\t<\/div>\n\t\t\t\t<\/div>\n\t\t\t\t<div class=\"elementor-element elementor-element-bee03c6 elementor-widget elementor-widget-text-editor\" data-id=\"bee03c6\" data-element_type=\"widget\" data-e-type=\"widget\" data-widget_type=\"text-editor.default\">\n\t\t\t\t<div class=\"elementor-widget-container\">\n\t\t\t\t\t\t\t\t\t<p>Klubi yn\u00eb njeh arritjet e an\u00ebtar\u00ebve t\u00eb tij dhe ofron mund\u00ebsi p\u00ebr an\u00ebtar\u00ebt q\u00eb t\u00eb shfaqin arritjet e tyre.<\/p>\t\t\t\t\t\t\t\t<\/div>\n\t\t\t\t<\/div>\n\t\t\t\t\t<\/div>\n\t\t\t\t<\/div>\n\t\t<div class=\"elementor-element elementor-element-9c985a6 e-flex e-con-boxed e-con e-child\" data-id=\"9c985a6\" data-element_type=\"container\" data-e-type=\"container\" data-settings=\"{&quot;background_background&quot;:&quot;classic&quot;}\">\n\t\t\t\t\t<div class=\"e-con-inner\">\n\t\t\t\t<div class=\"elementor-element elementor-element-2b7e481 elementor-widget elementor-widget-heading\" data-id=\"2b7e481\" data-element_type=\"widget\" data-e-type=\"widget\" data-widget_type=\"heading.default\">\n\t\t\t\t<div class=\"elementor-widget-container\">\n\t\t\t\t\t<h2 class=\"elementor-heading-title elementor-size-default\">Burimet<\/h2>\t\t\t\t<\/div>\n\t\t\t\t<\/div>\n\t\t\t\t<div class=\"elementor-element elementor-element-e7b1e8a elementor-widget elementor-widget-text-editor\" data-id=\"e7b1e8a\" data-element_type=\"widget\" data-e-type=\"widget\" data-widget_type=\"text-editor.default\">\n\t\t\t\t<div class=\"elementor-widget-container\">\n\t\t\t\t\t\t\t\t\t<p>Klubi yn\u00eb ofron nj\u00eb akses t\u00eb shk\u00eblqyesh\u00ebm n\u00eb burime t\u00eb shumta p\u00ebr t'ju ndihmuar t\u00eb rritni biznesin tuaj n\u00eb Kosov\u00eb. Korporatat tona themeluese sjellin nj\u00eb thell\u00ebsi burimesh dhe ekspertize n\u00eb klub, q\u00eb do t\u00eb thot\u00eb se ju do t\u00eb keni nj\u00eb gam\u00eb t\u00eb gjer\u00eb mb\u00ebshtetjeje p\u00ebr t\u00eb nxjerr\u00eb, duke p\u00ebrfshir\u00eb k\u00ebrkimin e tregut, k\u00ebshillat ligjore dhe kontabiliteti, dhe m\u00eb shum\u00eb.<\/p>\t\t\t\t\t\t\t\t<\/div>\n\t\t\t\t<\/div>\n\t\t\t\t\t<\/div>\n\t\t\t\t<\/div>\n\t\t\t\t\t<\/div>\n\t\t\t\t<\/div>\n\t\t\t\t<\/div>\n\t\t\t\t<\/div>\n\t\t<div class=\"elementor-element elementor-element-1fdd34d e-flex e-con-boxed e-con e-parent\" data-id=\"1fdd34d\" data-element_type=\"container\" data-e-type=\"container\">\n\t\t\t\t\t<div class=\"e-con-inner\">\n\t\t<div class=\"elementor-element elementor-element-95a8efd e-con-full e-flex e-con e-child\" data-id=\"95a8efd\" data-element_type=\"container\" data-e-type=\"container\">\n\t\t\t\t<div class=\"elementor-element elementor-element-561999b elementor-grid-1 elementor-grid-tablet-1 elementor-grid-mobile-1 elementor-posts--thumbnail-top elementor-widget elementor-widget-posts\" data-id=\"561999b\" data-element_type=\"widget\" data-e-type=\"widget\" data-settings=\"{&quot;classic_columns&quot;:&quot;1&quot;,&quot;classic_columns_tablet&quot;:&quot;1&quot;,&quot;classic_columns_mobile&quot;:&quot;1&quot;,&quot;classic_row_gap&quot;:{&quot;unit&quot;:&quot;px&quot;,&quot;size&quot;:35,&quot;sizes&quot;:[]},&quot;classic_row_gap_tablet&quot;:{&quot;unit&quot;:&quot;px&quot;,&quot;size&quot;:&quot;&quot;,&quot;sizes&quot;:[]},&quot;classic_row_gap_mobile&quot;:{&quot;unit&quot;:&quot;px&quot;,&quot;size&quot;:&quot;&quot;,&quot;sizes&quot;:[]}}\" data-widget_type=\"posts.classic\">\n\t\t\t\t<div class=\"elementor-widget-container\">\n\t\t\t\t\t\t\t<div class=\"elementor-posts-container elementor-posts elementor-posts--skin-classic elementor-grid\" role=\"list\">\n\t\t\t\t<article class=\"elementor-post elementor-grid-item post-1063 post type-post status-publish format-standard hentry category-uncategorized-en\" role=\"listitem\">\n\t\t\t\t<div class=\"elementor-post__text\">\n\t\t\t\t<\/div>\n\t\t\t\t<\/article>\n\t\t\t\t<\/div>\n\t\t\n\t\t\t\t\t\t<\/div>\n\t\t\t\t<\/div>\n\t\t\t\t<\/div>\n\t\t<div class=\"elementor-element elementor-element-ab4e88d e-con-full custom-news-card e-flex e-con e-child\" data-id=\"ab4e88d\" data-element_type=\"container\" data-e-type=\"container\" data-settings=\"{&quot;background_background&quot;:&quot;classic&quot;}\">\n\t\t\t\t<div class=\"elementor-element elementor-element-e316dc3 heading-absolute elementor-widget elementor-widget-heading\" data-id=\"e316dc3\" data-element_type=\"widget\" data-e-type=\"widget\" data-widget_type=\"heading.default\">\n\t\t\t\t<div class=\"elementor-widget-container\">\n\t\t\t\t\t<h2 class=\"elementor-heading-title elementor-size-default\">Artikuj informues<\/h2>\t\t\t\t<\/div>\n\t\t\t\t<\/div>\n\t\t\t\t<div class=\"elementor-element elementor-element-902f39b elementor-grid-1 elementor-grid-tablet-1 elementor-posts--thumbnail-none elementor-grid-mobile-1 elementor-widget elementor-widget-posts\" data-id=\"902f39b\" data-element_type=\"widget\" data-e-type=\"widget\" data-settings=\"{&quot;classic_columns&quot;:&quot;1&quot;,&quot;classic_columns_tablet&quot;:&quot;1&quot;,&quot;classic_columns_mobile&quot;:&quot;1&quot;,&quot;classic_row_gap&quot;:{&quot;unit&quot;:&quot;px&quot;,&quot;size&quot;:35,&quot;sizes&quot;:[]},&quot;classic_row_gap_tablet&quot;:{&quot;unit&quot;:&quot;px&quot;,&quot;size&quot;:&quot;&quot;,&quot;sizes&quot;:[]},&quot;classic_row_gap_mobile&quot;:{&quot;unit&quot;:&quot;px&quot;,&quot;size&quot;:&quot;&quot;,&quot;sizes&quot;:[]}}\" data-widget_type=\"posts.classic\">\n\t\t\t\t<div class=\"elementor-widget-container\">\n\t\t\t\t\t\t\t<div class=\"elementor-posts-container elementor-posts elementor-posts--skin-classic elementor-grid\" role=\"list\">\n\t\t\t\t<article class=\"elementor-post elementor-grid-item post-1063 post type-post status-publish format-standard hentry category-uncategorized-en\" role=\"listitem\">\n\t\t\t\t<div class=\"elementor-post__text\">\n\t\t\t\t<h3 class=\"elementor-post__title\">\n\t\t\t<a href=\"https:\/\/businessclub-ks.com\/sq\/we-had-the-privilege-of-meeting-with-laura-morison-head-of-wider-europe-south-international-strategy-and-trade-relations-at-the-department-for-business-and-trade-dbt-to-discuss-ways-to-strengthe\/\" >\n\t\t\t\tWe had the privilege of meeting with Laura Morison, Head of Wider Europe South | International Strategy and Trade Relations at the Department for Business and Trade (DBT), to discuss ways to strengthen trade relations between the UK and Kosovo.\t\t\t<\/a>\n\t\t<\/h3>\n\t\t\t\t<div class=\"elementor-post__excerpt\">\n\t\t\t<p>Building on the momentum created by the UK Kosovo Business Forum, supported by USAID Kosovo Investment Promotion and Access to Finance Project, this meeting focused<\/p>\n\t\t<\/div>\n\t\t\n\t\t<a class=\"elementor-post__read-more\" href=\"https:\/\/businessclub-ks.com\/sq\/we-had-the-privilege-of-meeting-with-laura-morison-head-of-wider-europe-south-international-strategy-and-trade-relations-at-the-department-for-business-and-trade-dbt-to-discuss-ways-to-strengthe\/\" aria-label=\"Read more about We had the privilege of meeting with Laura Morison, Head of Wider Europe South | International Strategy and Trade Relations at the Department for Business and Trade (DBT), to discuss ways to strengthen trade relations between the UK and Kosovo.\" tabindex=\"-1\" >\n\t\t\tLexo m\u00eb shum\u00eb\t\t<\/a>\n\n\t\t\t\t<\/div>\n\t\t\t\t<\/article>\n\t\t\t\t<\/div>\n\t\t\n\t\t\t\t\t\t<\/div>\n\t\t\t\t<\/div>\n\t\t\t\t<\/div>\n\t\t\t\t\t<\/div>\n\t\t\t\t<\/div>\n\t\t\t\t<\/div>","protected":false},"excerpt":{"rendered":"<p>Join the Business Club for Collaborative Growth Welcome to the Business Club, where we connect and collaborate to foster growth and success. Initiative for the establishment of a Business Club is an ambitious goal of business leaders in Kosova. During the year 2022, as an effort to enhance collaboration between Kosovar businesses and the diaspora, [&hellip;]<\/p>\n","protected":false},"author":1,"featured_media":0,"parent":0,"menu_order":0,"comment_status":"closed","ping_status":"closed","template":"","meta":{"footnotes":""},"class_list":["post-10","page","type-page","status-publish","hentry"],"_links":{"self":[{"href":"https:\/\/businessclub-ks.com\/sq\/wp-json\/wp\/v2\/pages\/10","targetHints":{"allow":["GET"]}}],"collection":[{"href":"https:\/\/businessclub-ks.com\/sq\/wp-json\/wp\/v2\/pages"}],"about":[{"href":"https:\/\/businessclub-ks.com\/sq\/wp-json\/wp\/v2\/types\/page"}],"author":[{"embeddable":true,"href":"https:\/\/businessclub-ks.com\/sq\/wp-json\/wp\/v2\/users\/1"}],"replies":[{"embeddable":true,"href":"https:\/\/businessclub-ks.com\/sq\/wp-json\/wp\/v2\/comments?post=10"}],"version-history":[{"count":11,"href":"https:\/\/businessclub-ks.com\/sq\/wp-json\/wp\/v2\/pages\/10\/revisions"}],"predecessor-version":[{"id":984,"href":"https:\/\/businessclub-ks.com\/sq\/wp-json\/wp\/v2\/pages\/10\/revisions\/984"}],"wp:attachment":[{"href":"https:\/\/businessclub-ks.com\/sq\/wp-json\/wp\/v2\/media?parent=10"}],"curies":[{"name":"wp","href":"https:\/\/api.w.org\/{rel}","templated":true}]}}